{"id":252,"date":"2026-03-24T12:36:53","date_gmt":"2026-03-24T11:36:53","guid":{"rendered":"https:\/\/dev.saywauwau.com\/?page_id=252"},"modified":"2026-03-27T13:27:29","modified_gmt":"2026-03-27T12:27:29","slug":"maerker","status":"publish","type":"page","link":"https:\/\/dev.saywauwau.com\/da\/marken\/","title":{"rendered":"M\u00e6rker"},"content":{"rendered":"<div id=\"brands_a_z\" class=\"dg-brands-a-z-wrapper\">\n\n                    <ul class=\"brands_index dg-brands-index\">\n                                                                                                                                                                        <li>\n                            <a href=\"#brands-d\">\n                                D                            <\/a>\n                        <\/li>\n                                                                                                                                                        <li>\n                            <a href=\"#brands-g\">\n                                G                            <\/a>\n                        <\/li>\n                                                                                                                                                                                                                                                                                                                                                                                                                                                                                                                                                                                                                                                                                                                                                                                                <\/ul>\n        \n                    <section class=\"dg-brand-section\">\n                <h3 id=\"brands-d\" class=\"dg-brand-letter\">\n                    D                <\/h3>\n\n                <div class=\"brands dg-brand-grid\">\n                                                                    <article class=\"dg-brand-card\">\n                            <a class=\"dg-brand-link\" href=\"https:\/\/dev.saywauwau.com\/da\/marke\/dogsdeli\/\">\n                                                                    <div class=\"dg-brand-logo\">\n                                        <img decoding=\"async\" src=\"https:\/\/dev.saywauwau.com\/wp-content\/uploads\/2026\/03\/DOGs-DELI-Logo-Pantone-227C-300x300.gif\" alt=\"Dogs Deli\">\n                                    <\/div>\n                                \n                                <div class=\"dg-brand-name\">\n                                    Dogs Deli                                <\/div>\n\n                                                                    <div class=\"dg-brand-count\">\n                                        2 Produkte                                    <\/div>\n                                                            <\/a>\n                        <\/article>\n                                    <\/div>\n\n                            <\/section>\n                    <section class=\"dg-brand-section\">\n                <h3 id=\"brands-g\" class=\"dg-brand-letter\">\n                    G                <\/h3>\n\n                <div class=\"brands dg-brand-grid\">\n                                                                    <article class=\"dg-brand-card\">\n                            <a class=\"dg-brand-link\" href=\"https:\/\/dev.saywauwau.com\/da\/marke\/goughnuts\/\">\n                                                                    <div class=\"dg-brand-logo\">\n                                        <img decoding=\"async\" src=\"https:\/\/dev.saywauwau.com\/wp-content\/uploads\/2026\/03\/Goughnuts_Vertical_Lockup_Logo-300x211.webp\" alt=\"Goughnuts\">\n                                    <\/div>\n                                \n                                <div class=\"dg-brand-name\">\n                                    Goughnuts                                <\/div>\n\n                                                                    <div class=\"dg-brand-count\">\n                                        1 Produkt                                    <\/div>\n                                                            <\/a>\n                        <\/article>\n                                    <\/div>\n\n                            <\/section>\n        \n    <\/div>\n    \n\n\n\n<p><\/p>","protected":false},"excerpt":{"rendered":"","protected":false},"author":1,"featured_media":0,"parent":0,"menu_order":0,"comment_status":"closed","ping_status":"closed","template":"fullwidth.php","meta":{"footnotes":""},"class_list":["post-252","page","type-page","status-publish","hentry"],"yoast_head":"<!-- This site is optimized with the Yoast SEO plugin v27.5 - https:\/\/yoast.com\/product\/yoast-seo-wordpress\/ -->\n<title>Marken - say wau wau<\/title>\n<meta name=\"robots\" content=\"noindex, follow, max-snippet:-1, max-image-preview:large, max-video-preview:-1\" \/>\n<meta property=\"og:locale\" content=\"da_DK\" \/>\n<meta property=\"og:type\" content=\"article\" \/>\n<meta property=\"og:title\" content=\"Marken - say wau wau\" \/>\n<meta property=\"og:url\" content=\"https:\/\/dev.saywauwau.com\/da\/maerker\/\" \/>\n<meta property=\"og:site_name\" content=\"say wau wau\" \/>\n<meta property=\"article:modified_time\" content=\"2026-03-27T12:27:29+00:00\" \/>\n<meta name=\"twitter:card\" content=\"summary_large_image\" \/>\n<meta name=\"twitter:label1\" content=\"Estimeret l\u00e6setid\" \/>\n\t<meta name=\"twitter:data1\" content=\"1 minut\" \/>\n<script type=\"application\/ld+json\" class=\"yoast-schema-graph\">{\"@context\":\"https:\\\/\\\/schema.org\",\"@graph\":[{\"@type\":\"WebPage\",\"@id\":\"https:\\\/\\\/dev.saywauwau.com\\\/marken\\\/\",\"url\":\"https:\\\/\\\/dev.saywauwau.com\\\/marken\\\/\",\"name\":\"Marken - say wau wau\",\"isPartOf\":{\"@id\":\"https:\\\/\\\/dev.saywauwau.com\\\/#website\"},\"datePublished\":\"2026-03-24T11:36:53+00:00\",\"dateModified\":\"2026-03-27T12:27:29+00:00\",\"breadcrumb\":{\"@id\":\"https:\\\/\\\/dev.saywauwau.com\\\/marken\\\/#breadcrumb\"},\"inLanguage\":\"da-DK\",\"potentialAction\":[{\"@type\":\"ReadAction\",\"target\":[\"https:\\\/\\\/dev.saywauwau.com\\\/marken\\\/\"]}]},{\"@type\":\"BreadcrumbList\",\"@id\":\"https:\\\/\\\/dev.saywauwau.com\\\/marken\\\/#breadcrumb\",\"itemListElement\":[{\"@type\":\"ListItem\",\"position\":1,\"name\":\"Home\",\"item\":\"https:\\\/\\\/dev.saywauwau.com\\\/\"},{\"@type\":\"ListItem\",\"position\":2,\"name\":\"Marken\"}]},{\"@type\":\"WebSite\",\"@id\":\"https:\\\/\\\/dev.saywauwau.com\\\/#website\",\"url\":\"https:\\\/\\\/dev.saywauwau.com\\\/\",\"name\":\"say wau wau\",\"description\":\"\u201eHunde sind unsere Helden\u201c &amp; begeistern uns jeden Tag aufs Neue! Deshalb gibts au\u00dfergew\u00f6hnliche Produkte, die mit Qualit\u00e4t &amp; Nachhaltigkeit gl\u00e4nzen!\",\"publisher\":{\"@id\":\"https:\\\/\\\/dev.saywauwau.com\\\/#organization\"},\"potentialAction\":[{\"@type\":\"SearchAction\",\"target\":{\"@type\":\"EntryPoint\",\"urlTemplate\":\"https:\\\/\\\/dev.saywauwau.com\\\/?s={search_term_string}\"},\"query-input\":{\"@type\":\"PropertyValueSpecification\",\"valueRequired\":true,\"valueName\":\"search_term_string\"}}],\"inLanguage\":\"da-DK\"},{\"@type\":\"Organization\",\"@id\":\"https:\\\/\\\/dev.saywauwau.com\\\/#organization\",\"name\":\"say wau wau\",\"url\":\"https:\\\/\\\/dev.saywauwau.com\\\/\",\"logo\":{\"@type\":\"ImageObject\",\"inLanguage\":\"da-DK\",\"@id\":\"https:\\\/\\\/dev.saywauwau.com\\\/#\\\/schema\\\/logo\\\/image\\\/\",\"url\":\"https:\\\/\\\/dev.saywauwau.com\\\/wp-content\\\/uploads\\\/2021\\\/05\\\/Logo_www.png\",\"contentUrl\":\"https:\\\/\\\/dev.saywauwau.com\\\/wp-content\\\/uploads\\\/2021\\\/05\\\/Logo_www.png\",\"width\":370,\"height\":40,\"caption\":\"say wau wau\"},\"image\":{\"@id\":\"https:\\\/\\\/dev.saywauwau.com\\\/#\\\/schema\\\/logo\\\/image\\\/\"}}]}<\/script>\n<!-- \/ Yoast SEO plugin. -->","yoast_head_json":{"title":"Brands - sig wau wau","robots":{"index":"noindex","follow":"follow","max-snippet":"max-snippet:-1","max-image-preview":"max-image-preview:large","max-video-preview":"max-video-preview:-1"},"og_locale":"da_DK","og_type":"article","og_title":"Marken - say wau wau","og_url":"https:\/\/dev.saywauwau.com\/da\/maerker\/","og_site_name":"say wau wau","article_modified_time":"2026-03-27T12:27:29+00:00","twitter_card":"summary_large_image","twitter_misc":{"Estimeret l\u00e6setid":"1 minut"},"schema":{"@context":"https:\/\/schema.org","@graph":[{"@type":"WebPage","@id":"https:\/\/dev.saywauwau.com\/marken\/","url":"https:\/\/dev.saywauwau.com\/marken\/","name":"Brands - sig wau wau","isPartOf":{"@id":"https:\/\/dev.saywauwau.com\/#website"},"datePublished":"2026-03-24T11:36:53+00:00","dateModified":"2026-03-27T12:27:29+00:00","breadcrumb":{"@id":"https:\/\/dev.saywauwau.com\/marken\/#breadcrumb"},"inLanguage":"da-DK","potentialAction":[{"@type":"ReadAction","target":["https:\/\/dev.saywauwau.com\/marken\/"]}]},{"@type":"BreadcrumbList","@id":"https:\/\/dev.saywauwau.com\/marken\/#breadcrumb","itemListElement":[{"@type":"ListItem","position":1,"name":"Home","item":"https:\/\/dev.saywauwau.com\/"},{"@type":"ListItem","position":2,"name":"Marken"}]},{"@type":"WebSite","@id":"https:\/\/dev.saywauwau.com\/#website","url":"https:\/\/dev.saywauwau.com\/","name":"say wau wau","description":"Hunde er vores helte og begejstrer os hver dag p\u00e5 ny! Derfor findes der ekstraordin\u00e6re produkter, der udm\u00e6rker sig ved kvalitet og b\u00e6redygtighed!","publisher":{"@id":"https:\/\/dev.saywauwau.com\/#organization"},"potentialAction":[{"@type":"SearchAction","target":{"@type":"EntryPoint","urlTemplate":"https:\/\/dev.saywauwau.com\/?s={search_term_string}"},"query-input":{"@type":"PropertyValueSpecification","valueRequired":true,"valueName":"search_term_string"}}],"inLanguage":"da-DK"},{"@type":"Organization","@id":"https:\/\/dev.saywauwau.com\/#organization","name":"say wau wau","url":"https:\/\/dev.saywauwau.com\/","logo":{"@type":"ImageObject","inLanguage":"da-DK","@id":"https:\/\/dev.saywauwau.com\/#\/schema\/logo\/image\/","url":"https:\/\/dev.saywauwau.com\/wp-content\/uploads\/2021\/05\/Logo_www.png","contentUrl":"https:\/\/dev.saywauwau.com\/wp-content\/uploads\/2021\/05\/Logo_www.png","width":370,"height":40,"caption":"say wau wau"},"image":{"@id":"https:\/\/dev.saywauwau.com\/#\/schema\/logo\/image\/"}}]}},"_links":{"self":[{"href":"https:\/\/dev.saywauwau.com\/da\/wp-json\/wp\/v2\/pages\/252","targetHints":{"allow":["GET"]}}],"collection":[{"href":"https:\/\/dev.saywauwau.com\/da\/wp-json\/wp\/v2\/pages"}],"about":[{"href":"https:\/\/dev.saywauwau.com\/da\/wp-json\/wp\/v2\/types\/page"}],"author":[{"embeddable":true,"href":"https:\/\/dev.saywauwau.com\/da\/wp-json\/wp\/v2\/users\/1"}],"replies":[{"embeddable":true,"href":"https:\/\/dev.saywauwau.com\/da\/wp-json\/wp\/v2\/comments?post=252"}],"version-history":[{"count":9,"href":"https:\/\/dev.saywauwau.com\/da\/wp-json\/wp\/v2\/pages\/252\/revisions"}],"predecessor-version":[{"id":267,"href":"https:\/\/dev.saywauwau.com\/da\/wp-json\/wp\/v2\/pages\/252\/revisions\/267"}],"wp:attachment":[{"href":"https:\/\/dev.saywauwau.com\/da\/wp-json\/wp\/v2\/media?parent=252"}],"curies":[{"name":"wp","href":"https:\/\/api.w.org\/{rel}","templated":true}]}}