{"id":245,"date":"2026-03-24T12:14:53","date_gmt":"2026-03-24T11:14:53","guid":{"rendered":"https:\/\/dev.saywauwau.com\/?post_type=product&#038;p=245"},"modified":"2026-03-24T12:18:53","modified_gmt":"2026-03-24T11:18:53","slug":"hunde-legetoj-knogle-gra-orange","status":"publish","type":"product","link":"https:\/\/dev.saywauwau.com\/da\/produkt\/hundespielzeug-knochen-grey-orange\/","title":{"rendered":"Hundeleget\u00f8jsben gr\u00e5-orange"},"content":{"rendered":"<p>Et knogle, enhver hunds dr\u00f8m, i farvekombinationen Gr\u00e5-Orange.<br \/>\nDen perfekte form at lege med, hyggelig og let, og uden quacker.<br \/>\nVores begr\u00e6nsede f\u00f8dselsdagskollektion i stilfulde farvekombinationer.<br \/>\nH\u00e5ndstrikket i Europa for DOG'S DELI.<\/p>","protected":false},"excerpt":{"rendered":"<ul>\n<li class=\"base-info--entry entry-attribute\"><strong class=\"entry--label\"> Beskrivelse: <\/strong> <span class=\"entry--content\"> Benet fra DOG'S DELI - f\u00f8dselsdagskollektionen til sm\u00e5 hunde, der er s\u00f8de over for deres leget\u00f8j. <\/span><\/li>\n<li class=\"base-info--entry entry-attribute\"><strong class=\"entry--label\"> Materiale: <\/strong> <span class=\"entry--content\"> H\u00e5ndh\u00e6klet af 100 % ren bomuld, fyldt med 100 % polyester, M\u00e5l: 23 cm lang x 8 cm bred, H\u00e5ndvask <\/span><\/li>\n<\/ul>","protected":false},"featured_media":246,"template":"","meta":[],"product_brand":[33],"product_cat":[35],"product_tag":[],"class_list":{"0":"post-245","1":"product","2":"type-product","3":"status-publish","4":"has-post-thumbnail","6":"product_brand-dogsdeli","7":"product_cat-toys","9":"first","10":"instock","11":"shipping-taxable","12":"purchasable","13":"product-type-simple"},"yoast_head":"<!-- This site is optimized with the Yoast SEO plugin v27.5 - https:\/\/yoast.com\/product\/yoast-seo-wordpress\/ -->\n<title>Hundespielzeug Knochen Grey-Orange - say wau wau<\/title>\n<meta name=\"robots\" content=\"noindex, follow, max-snippet:-1, max-image-preview:large, max-video-preview:-1\" \/>\n<meta property=\"og:locale\" content=\"da_DK\" \/>\n<meta property=\"og:type\" content=\"article\" \/>\n<meta property=\"og:title\" content=\"Hundespielzeug Knochen Grey-Orange - say wau wau\" \/>\n<meta property=\"og:description\" content=\"Beschreibung:  Der Knochen aus der DOG\u00b4S DELI - Geburtstagskollektion f\u00fcr kleine Hunde, die lieb zu ihrem Spielzeug sind.   Material:  Handgeh\u00e4kelt aus 100 % reiner Baumwolle, gef\u00fcllt mit 100 % Polyester, Abmessung: 23 cm lang x 8 cm breit, Handw\u00e4sche\" \/>\n<meta property=\"og:url\" content=\"https:\/\/dev.saywauwau.com\/da\/vare\/hunde-legetoj-knogle-gra-orange\/\" \/>\n<meta property=\"og:site_name\" content=\"say wau wau\" \/>\n<meta property=\"article:modified_time\" content=\"2026-03-24T11:18:53+00:00\" \/>\n<meta property=\"og:image\" content=\"https:\/\/dev.saywauwau.com\/wp-content\/uploads\/2026\/03\/PhotoRoom_20211105_183534qOtDnSJMvdvA4.jpg\" \/>\n\t<meta property=\"og:image:width\" content=\"1500\" \/>\n\t<meta property=\"og:image:height\" content=\"1500\" \/>\n\t<meta property=\"og:image:type\" content=\"image\/jpeg\" \/>\n<meta name=\"twitter:card\" content=\"summary_large_image\" \/>\n<meta name=\"twitter:label1\" content=\"Estimeret l\u00e6setid\" \/>\n\t<meta name=\"twitter:data1\" content=\"1 minut\" \/>\n<script type=\"application\/ld+json\" class=\"yoast-schema-graph\">{\"@context\":\"https:\\\/\\\/schema.org\",\"@graph\":[{\"@type\":\"WebPage\",\"@id\":\"https:\\\/\\\/dev.saywauwau.com\\\/produkt\\\/hundespielzeug-knochen-grey-orange\\\/\",\"url\":\"https:\\\/\\\/dev.saywauwau.com\\\/produkt\\\/hundespielzeug-knochen-grey-orange\\\/\",\"name\":\"Hundespielzeug Knochen Grey-Orange - say wau wau\",\"isPartOf\":{\"@id\":\"https:\\\/\\\/dev.saywauwau.com\\\/#website\"},\"primaryImageOfPage\":{\"@id\":\"https:\\\/\\\/dev.saywauwau.com\\\/produkt\\\/hundespielzeug-knochen-grey-orange\\\/#primaryimage\"},\"image\":{\"@id\":\"https:\\\/\\\/dev.saywauwau.com\\\/produkt\\\/hundespielzeug-knochen-grey-orange\\\/#primaryimage\"},\"thumbnailUrl\":\"https:\\\/\\\/dev.saywauwau.com\\\/wp-content\\\/uploads\\\/2026\\\/03\\\/PhotoRoom_20211105_183534qOtDnSJMvdvA4.jpg\",\"datePublished\":\"2026-03-24T11:14:53+00:00\",\"dateModified\":\"2026-03-24T11:18:53+00:00\",\"breadcrumb\":{\"@id\":\"https:\\\/\\\/dev.saywauwau.com\\\/produkt\\\/hundespielzeug-knochen-grey-orange\\\/#breadcrumb\"},\"inLanguage\":\"da-DK\",\"potentialAction\":[{\"@type\":\"ReadAction\",\"target\":[\"https:\\\/\\\/dev.saywauwau.com\\\/produkt\\\/hundespielzeug-knochen-grey-orange\\\/\"]}]},{\"@type\":\"ImageObject\",\"inLanguage\":\"da-DK\",\"@id\":\"https:\\\/\\\/dev.saywauwau.com\\\/produkt\\\/hundespielzeug-knochen-grey-orange\\\/#primaryimage\",\"url\":\"https:\\\/\\\/dev.saywauwau.com\\\/wp-content\\\/uploads\\\/2026\\\/03\\\/PhotoRoom_20211105_183534qOtDnSJMvdvA4.jpg\",\"contentUrl\":\"https:\\\/\\\/dev.saywauwau.com\\\/wp-content\\\/uploads\\\/2026\\\/03\\\/PhotoRoom_20211105_183534qOtDnSJMvdvA4.jpg\",\"width\":1500,\"height\":1500},{\"@type\":\"BreadcrumbList\",\"@id\":\"https:\\\/\\\/dev.saywauwau.com\\\/produkt\\\/hundespielzeug-knochen-grey-orange\\\/#breadcrumb\",\"itemListElement\":[{\"@type\":\"ListItem\",\"position\":1,\"name\":\"Home\",\"item\":\"https:\\\/\\\/dev.saywauwau.com\\\/\"},{\"@type\":\"ListItem\",\"position\":2,\"name\":\"Shop\",\"item\":\"https:\\\/\\\/dev.saywauwau.com\\\/shop\\\/\"},{\"@type\":\"ListItem\",\"position\":3,\"name\":\"Hundespielzeug Knochen Grey-Orange\"}]},{\"@type\":\"WebSite\",\"@id\":\"https:\\\/\\\/dev.saywauwau.com\\\/#website\",\"url\":\"https:\\\/\\\/dev.saywauwau.com\\\/\",\"name\":\"say wau wau\",\"description\":\"\u201eHunde sind unsere Helden\u201c &amp; begeistern uns jeden Tag aufs Neue! Deshalb gibts au\u00dfergew\u00f6hnliche Produkte, die mit Qualit\u00e4t &amp; Nachhaltigkeit gl\u00e4nzen!\",\"publisher\":{\"@id\":\"https:\\\/\\\/dev.saywauwau.com\\\/#organization\"},\"potentialAction\":[{\"@type\":\"SearchAction\",\"target\":{\"@type\":\"EntryPoint\",\"urlTemplate\":\"https:\\\/\\\/dev.saywauwau.com\\\/?s={search_term_string}\"},\"query-input\":{\"@type\":\"PropertyValueSpecification\",\"valueRequired\":true,\"valueName\":\"search_term_string\"}}],\"inLanguage\":\"da-DK\"},{\"@type\":\"Organization\",\"@id\":\"https:\\\/\\\/dev.saywauwau.com\\\/#organization\",\"name\":\"say wau wau\",\"url\":\"https:\\\/\\\/dev.saywauwau.com\\\/\",\"logo\":{\"@type\":\"ImageObject\",\"inLanguage\":\"da-DK\",\"@id\":\"https:\\\/\\\/dev.saywauwau.com\\\/#\\\/schema\\\/logo\\\/image\\\/\",\"url\":\"https:\\\/\\\/dev.saywauwau.com\\\/wp-content\\\/uploads\\\/2021\\\/05\\\/Logo_www.png\",\"contentUrl\":\"https:\\\/\\\/dev.saywauwau.com\\\/wp-content\\\/uploads\\\/2021\\\/05\\\/Logo_www.png\",\"width\":370,\"height\":40,\"caption\":\"say wau wau\"},\"image\":{\"@id\":\"https:\\\/\\\/dev.saywauwau.com\\\/#\\\/schema\\\/logo\\\/image\\\/\"}}]}<\/script>\n<!-- \/ Yoast SEO plugin. -->","yoast_head_json":{"title":"Hundeleget\u00f8j Knogle Gr\u00e5-Orange - sig vov vov","robots":{"index":"noindex","follow":"follow","max-snippet":"max-snippet:-1","max-image-preview":"max-image-preview:large","max-video-preview":"max-video-preview:-1"},"og_locale":"da_DK","og_type":"article","og_title":"Hundespielzeug Knochen Grey-Orange - say wau wau","og_description":"Beschreibung:  Der Knochen aus der DOG\u00b4S DELI - Geburtstagskollektion f\u00fcr kleine Hunde, die lieb zu ihrem Spielzeug sind.   Material:  Handgeh\u00e4kelt aus 100 % reiner Baumwolle, gef\u00fcllt mit 100 % Polyester, Abmessung: 23 cm lang x 8 cm breit, Handw\u00e4sche","og_url":"https:\/\/dev.saywauwau.com\/da\/vare\/hunde-legetoj-knogle-gra-orange\/","og_site_name":"say wau wau","article_modified_time":"2026-03-24T11:18:53+00:00","og_image":[{"width":1500,"height":1500,"url":"https:\/\/dev.saywauwau.com\/wp-content\/uploads\/2026\/03\/PhotoRoom_20211105_183534qOtDnSJMvdvA4.jpg","type":"image\/jpeg"}],"twitter_card":"summary_large_image","twitter_misc":{"Estimeret l\u00e6setid":"1 minut"},"schema":{"@context":"https:\/\/schema.org","@graph":[{"@type":"WebPage","@id":"https:\/\/dev.saywauwau.com\/produkt\/hundespielzeug-knochen-grey-orange\/","url":"https:\/\/dev.saywauwau.com\/produkt\/hundespielzeug-knochen-grey-orange\/","name":"Hundeleget\u00f8j Knogle Gr\u00e5-Orange - sig vov vov","isPartOf":{"@id":"https:\/\/dev.saywauwau.com\/#website"},"primaryImageOfPage":{"@id":"https:\/\/dev.saywauwau.com\/produkt\/hundespielzeug-knochen-grey-orange\/#primaryimage"},"image":{"@id":"https:\/\/dev.saywauwau.com\/produkt\/hundespielzeug-knochen-grey-orange\/#primaryimage"},"thumbnailUrl":"https:\/\/dev.saywauwau.com\/wp-content\/uploads\/2026\/03\/PhotoRoom_20211105_183534qOtDnSJMvdvA4.jpg","datePublished":"2026-03-24T11:14:53+00:00","dateModified":"2026-03-24T11:18:53+00:00","breadcrumb":{"@id":"https:\/\/dev.saywauwau.com\/produkt\/hundespielzeug-knochen-grey-orange\/#breadcrumb"},"inLanguage":"da-DK","potentialAction":[{"@type":"ReadAction","target":["https:\/\/dev.saywauwau.com\/produkt\/hundespielzeug-knochen-grey-orange\/"]}]},{"@type":"ImageObject","inLanguage":"da-DK","@id":"https:\/\/dev.saywauwau.com\/produkt\/hundespielzeug-knochen-grey-orange\/#primaryimage","url":"https:\/\/dev.saywauwau.com\/wp-content\/uploads\/2026\/03\/PhotoRoom_20211105_183534qOtDnSJMvdvA4.jpg","contentUrl":"https:\/\/dev.saywauwau.com\/wp-content\/uploads\/2026\/03\/PhotoRoom_20211105_183534qOtDnSJMvdvA4.jpg","width":1500,"height":1500},{"@type":"BreadcrumbList","@id":"https:\/\/dev.saywauwau.com\/produkt\/hundespielzeug-knochen-grey-orange\/#breadcrumb","itemListElement":[{"@type":"ListItem","position":1,"name":"Home","item":"https:\/\/dev.saywauwau.com\/"},{"@type":"ListItem","position":2,"name":"Shop","item":"https:\/\/dev.saywauwau.com\/shop\/"},{"@type":"ListItem","position":3,"name":"Hundespielzeug Knochen Grey-Orange"}]},{"@type":"WebSite","@id":"https:\/\/dev.saywauwau.com\/#website","url":"https:\/\/dev.saywauwau.com\/","name":"say wau wau","description":"Hunde er vores helte og begejstrer os hver dag p\u00e5 ny! Derfor findes der ekstraordin\u00e6re produkter, der udm\u00e6rker sig ved kvalitet og b\u00e6redygtighed!","publisher":{"@id":"https:\/\/dev.saywauwau.com\/#organization"},"potentialAction":[{"@type":"SearchAction","target":{"@type":"EntryPoint","urlTemplate":"https:\/\/dev.saywauwau.com\/?s={search_term_string}"},"query-input":{"@type":"PropertyValueSpecification","valueRequired":true,"valueName":"search_term_string"}}],"inLanguage":"da-DK"},{"@type":"Organization","@id":"https:\/\/dev.saywauwau.com\/#organization","name":"say wau wau","url":"https:\/\/dev.saywauwau.com\/","logo":{"@type":"ImageObject","inLanguage":"da-DK","@id":"https:\/\/dev.saywauwau.com\/#\/schema\/logo\/image\/","url":"https:\/\/dev.saywauwau.com\/wp-content\/uploads\/2021\/05\/Logo_www.png","contentUrl":"https:\/\/dev.saywauwau.com\/wp-content\/uploads\/2021\/05\/Logo_www.png","width":370,"height":40,"caption":"say wau wau"},"image":{"@id":"https:\/\/dev.saywauwau.com\/#\/schema\/logo\/image\/"}}]}},"_links":{"self":[{"href":"https:\/\/dev.saywauwau.com\/da\/wp-json\/wp\/v2\/product\/245","targetHints":{"allow":["GET"]}}],"collection":[{"href":"https:\/\/dev.saywauwau.com\/da\/wp-json\/wp\/v2\/product"}],"about":[{"href":"https:\/\/dev.saywauwau.com\/da\/wp-json\/wp\/v2\/types\/product"}],"wp:featuredmedia":[{"embeddable":true,"href":"https:\/\/dev.saywauwau.com\/da\/wp-json\/wp\/v2\/media\/246"}],"wp:attachment":[{"href":"https:\/\/dev.saywauwau.com\/da\/wp-json\/wp\/v2\/media?parent=245"}],"wp:term":[{"taxonomy":"product_brand","embeddable":true,"href":"https:\/\/dev.saywauwau.com\/da\/wp-json\/wp\/v2\/product_brand?post=245"},{"taxonomy":"product_cat","embeddable":true,"href":"https:\/\/dev.saywauwau.com\/da\/wp-json\/wp\/v2\/product_cat?post=245"},{"taxonomy":"product_tag","embeddable":true,"href":"https:\/\/dev.saywauwau.com\/da\/wp-json\/wp\/v2\/product_tag?post=245"}],"curies":[{"name":"wp","href":"https:\/\/api.w.org\/{rel}","templated":true}]}}