{"id":247,"date":"2026-03-24T12:22:05","date_gmt":"2026-03-24T11:22:05","guid":{"rendered":"https:\/\/dev.saywauwau.com\/?post_type=product&#038;p=247"},"modified":"2026-03-24T12:22:05","modified_gmt":"2026-03-24T11:22:05","slug":"hej-skat","status":"publish","type":"product","link":"https:\/\/dev.saywauwau.com\/da\/produkt\/ahoi-baby\/","title":{"rendered":"Hej skat"},"content":{"rendered":"<p><strong>Til flittige hunde er der kun \u00e9n ting: Stjerner! Men kom gerne med fisk.<br \/>\n<\/strong>Sm\u00e5 stjerner til sm\u00e5 og store med masser af fisk, yoghurt, tang og gurkemeje!<br \/>\nVidste du, at tang er en \u00e6gte superfood? Tang indeholder flere mineraler, aminosyrer og sporstoffer end de fleste planter p\u00e5 jorden. Gurkemeje har v\u00e6ret brugt i ayurvedisk medicin i tusinder af \u00e5r og modvirker inflammation i tarmen. Desuden underst\u00f8tter dette vidunder-rod immunsystemet og har s\u00e5rhelende egenskaber. Det er alts\u00e5 en \u00e6gte all-rounder, ikke sandt?<\/p>","protected":false},"excerpt":{"rendered":"<ul>\n<li class=\"base-info--entry entry-attribute\"><strong class=\"entry--label\"> Sammens\u00e6tning: <\/strong> <span class=\"entry--content\"> Dunkelt fuldkornsmel, Dinkelmel, Majs, Fisk, Frisk yoghurt, Tang, Gurkemeje, Rapsolie <\/span><\/li>\n<li class=\"base-info--entry entry-attribute\"><strong class=\"entry--label\"> Ingredienser: <\/strong> <span class=\"entry--content\"> 16,6% R\u00e5protein; 3,3% R\u00e5fedt; 1,0% Tr\u00e6stof; 3,4% R\u00e5aske; 9,5% Vand <\/span><\/li>\n<\/ul>","protected":false},"featured_media":248,"template":"","meta":[],"product_brand":[33],"product_cat":[36],"product_tag":[],"class_list":{"0":"post-247","1":"product","2":"type-product","3":"status-publish","4":"has-post-thumbnail","6":"product_brand-dogsdeli","7":"product_cat-treats","9":"first","10":"instock","11":"shipping-taxable","12":"purchasable","13":"product-type-simple"},"yoast_head":"<!-- This site is optimized with the Yoast SEO plugin v27.5 - https:\/\/yoast.com\/product\/yoast-seo-wordpress\/ -->\n<title>Ahoi Baby - say wau wau<\/title>\n<meta name=\"robots\" content=\"noindex, follow, max-snippet:-1, max-image-preview:large, max-video-preview:-1\" \/>\n<meta property=\"og:locale\" content=\"da_DK\" \/>\n<meta property=\"og:type\" content=\"article\" \/>\n<meta property=\"og:title\" content=\"Ahoi Baby - say wau wau\" \/>\n<meta property=\"og:description\" content=\"Zusammensetzung:  Dinkelvollkornmehl, Dinkelmehl, Mais, Fisch, Frischjoghurt, Seealgen, Curcuma, Raps\u00f6l   Inhaltsstoffe:  16,6% Rohprotein; 3,3% Rohfett; 1,0% Rohfaser; 3,4% Rohasche; 9,5% Wasser\" \/>\n<meta property=\"og:url\" content=\"https:\/\/dev.saywauwau.com\/da\/vare\/hej-skat\/\" \/>\n<meta property=\"og:site_name\" content=\"say wau wau\" \/>\n<meta property=\"og:image\" content=\"https:\/\/dev.saywauwau.com\/wp-content\/uploads\/2026\/03\/DogsDeli_Ahoi_BabyVzzXY8UgrvpWO.jpg\" \/>\n\t<meta property=\"og:image:width\" content=\"1500\" \/>\n\t<meta property=\"og:image:height\" content=\"1500\" \/>\n\t<meta property=\"og:image:type\" content=\"image\/jpeg\" \/>\n<meta name=\"twitter:card\" content=\"summary_large_image\" \/>\n<meta name=\"twitter:label1\" content=\"Estimeret l\u00e6setid\" \/>\n\t<meta name=\"twitter:data1\" content=\"1 minut\" \/>\n<script type=\"application\/ld+json\" class=\"yoast-schema-graph\">{\"@context\":\"https:\\\/\\\/schema.org\",\"@graph\":[{\"@type\":\"WebPage\",\"@id\":\"https:\\\/\\\/dev.saywauwau.com\\\/produkt\\\/ahoi-baby\\\/\",\"url\":\"https:\\\/\\\/dev.saywauwau.com\\\/produkt\\\/ahoi-baby\\\/\",\"name\":\"Ahoi Baby - say wau wau\",\"isPartOf\":{\"@id\":\"https:\\\/\\\/dev.saywauwau.com\\\/#website\"},\"primaryImageOfPage\":{\"@id\":\"https:\\\/\\\/dev.saywauwau.com\\\/produkt\\\/ahoi-baby\\\/#primaryimage\"},\"image\":{\"@id\":\"https:\\\/\\\/dev.saywauwau.com\\\/produkt\\\/ahoi-baby\\\/#primaryimage\"},\"thumbnailUrl\":\"https:\\\/\\\/dev.saywauwau.com\\\/wp-content\\\/uploads\\\/2026\\\/03\\\/DogsDeli_Ahoi_BabyVzzXY8UgrvpWO.jpg\",\"datePublished\":\"2026-03-24T11:22:05+00:00\",\"breadcrumb\":{\"@id\":\"https:\\\/\\\/dev.saywauwau.com\\\/produkt\\\/ahoi-baby\\\/#breadcrumb\"},\"inLanguage\":\"da-DK\",\"potentialAction\":[{\"@type\":\"ReadAction\",\"target\":[\"https:\\\/\\\/dev.saywauwau.com\\\/produkt\\\/ahoi-baby\\\/\"]}]},{\"@type\":\"ImageObject\",\"inLanguage\":\"da-DK\",\"@id\":\"https:\\\/\\\/dev.saywauwau.com\\\/produkt\\\/ahoi-baby\\\/#primaryimage\",\"url\":\"https:\\\/\\\/dev.saywauwau.com\\\/wp-content\\\/uploads\\\/2026\\\/03\\\/DogsDeli_Ahoi_BabyVzzXY8UgrvpWO.jpg\",\"contentUrl\":\"https:\\\/\\\/dev.saywauwau.com\\\/wp-content\\\/uploads\\\/2026\\\/03\\\/DogsDeli_Ahoi_BabyVzzXY8UgrvpWO.jpg\",\"width\":1500,\"height\":1500},{\"@type\":\"BreadcrumbList\",\"@id\":\"https:\\\/\\\/dev.saywauwau.com\\\/produkt\\\/ahoi-baby\\\/#breadcrumb\",\"itemListElement\":[{\"@type\":\"ListItem\",\"position\":1,\"name\":\"Home\",\"item\":\"https:\\\/\\\/dev.saywauwau.com\\\/\"},{\"@type\":\"ListItem\",\"position\":2,\"name\":\"Shop\",\"item\":\"https:\\\/\\\/dev.saywauwau.com\\\/shop\\\/\"},{\"@type\":\"ListItem\",\"position\":3,\"name\":\"Ahoi Baby\"}]},{\"@type\":\"WebSite\",\"@id\":\"https:\\\/\\\/dev.saywauwau.com\\\/#website\",\"url\":\"https:\\\/\\\/dev.saywauwau.com\\\/\",\"name\":\"say wau wau\",\"description\":\"\u201eHunde sind unsere Helden\u201c &amp; begeistern uns jeden Tag aufs Neue! Deshalb gibts au\u00dfergew\u00f6hnliche Produkte, die mit Qualit\u00e4t &amp; Nachhaltigkeit gl\u00e4nzen!\",\"publisher\":{\"@id\":\"https:\\\/\\\/dev.saywauwau.com\\\/#organization\"},\"potentialAction\":[{\"@type\":\"SearchAction\",\"target\":{\"@type\":\"EntryPoint\",\"urlTemplate\":\"https:\\\/\\\/dev.saywauwau.com\\\/?s={search_term_string}\"},\"query-input\":{\"@type\":\"PropertyValueSpecification\",\"valueRequired\":true,\"valueName\":\"search_term_string\"}}],\"inLanguage\":\"da-DK\"},{\"@type\":\"Organization\",\"@id\":\"https:\\\/\\\/dev.saywauwau.com\\\/#organization\",\"name\":\"say wau wau\",\"url\":\"https:\\\/\\\/dev.saywauwau.com\\\/\",\"logo\":{\"@type\":\"ImageObject\",\"inLanguage\":\"da-DK\",\"@id\":\"https:\\\/\\\/dev.saywauwau.com\\\/#\\\/schema\\\/logo\\\/image\\\/\",\"url\":\"https:\\\/\\\/dev.saywauwau.com\\\/wp-content\\\/uploads\\\/2021\\\/05\\\/Logo_www.png\",\"contentUrl\":\"https:\\\/\\\/dev.saywauwau.com\\\/wp-content\\\/uploads\\\/2021\\\/05\\\/Logo_www.png\",\"width\":370,\"height\":40,\"caption\":\"say wau wau\"},\"image\":{\"@id\":\"https:\\\/\\\/dev.saywauwau.com\\\/#\\\/schema\\\/logo\\\/image\\\/\"}}]}<\/script>\n<!-- \/ Yoast SEO plugin. -->","yoast_head_json":{"title":"Hej skat - sig vov vov","robots":{"index":"noindex","follow":"follow","max-snippet":"max-snippet:-1","max-image-preview":"max-image-preview:large","max-video-preview":"max-video-preview:-1"},"og_locale":"da_DK","og_type":"article","og_title":"Ahoi Baby - say wau wau","og_description":"Zusammensetzung:  Dinkelvollkornmehl, Dinkelmehl, Mais, Fisch, Frischjoghurt, Seealgen, Curcuma, Raps\u00f6l   Inhaltsstoffe:  16,6% Rohprotein; 3,3% Rohfett; 1,0% Rohfaser; 3,4% Rohasche; 9,5% Wasser","og_url":"https:\/\/dev.saywauwau.com\/da\/vare\/hej-skat\/","og_site_name":"say wau wau","og_image":[{"width":1500,"height":1500,"url":"https:\/\/dev.saywauwau.com\/wp-content\/uploads\/2026\/03\/DogsDeli_Ahoi_BabyVzzXY8UgrvpWO.jpg","type":"image\/jpeg"}],"twitter_card":"summary_large_image","twitter_misc":{"Estimeret l\u00e6setid":"1 minut"},"schema":{"@context":"https:\/\/schema.org","@graph":[{"@type":"WebPage","@id":"https:\/\/dev.saywauwau.com\/produkt\/ahoi-baby\/","url":"https:\/\/dev.saywauwau.com\/produkt\/ahoi-baby\/","name":"Hej skat - sig vov vov","isPartOf":{"@id":"https:\/\/dev.saywauwau.com\/#website"},"primaryImageOfPage":{"@id":"https:\/\/dev.saywauwau.com\/produkt\/ahoi-baby\/#primaryimage"},"image":{"@id":"https:\/\/dev.saywauwau.com\/produkt\/ahoi-baby\/#primaryimage"},"thumbnailUrl":"https:\/\/dev.saywauwau.com\/wp-content\/uploads\/2026\/03\/DogsDeli_Ahoi_BabyVzzXY8UgrvpWO.jpg","datePublished":"2026-03-24T11:22:05+00:00","breadcrumb":{"@id":"https:\/\/dev.saywauwau.com\/produkt\/ahoi-baby\/#breadcrumb"},"inLanguage":"da-DK","potentialAction":[{"@type":"ReadAction","target":["https:\/\/dev.saywauwau.com\/produkt\/ahoi-baby\/"]}]},{"@type":"ImageObject","inLanguage":"da-DK","@id":"https:\/\/dev.saywauwau.com\/produkt\/ahoi-baby\/#primaryimage","url":"https:\/\/dev.saywauwau.com\/wp-content\/uploads\/2026\/03\/DogsDeli_Ahoi_BabyVzzXY8UgrvpWO.jpg","contentUrl":"https:\/\/dev.saywauwau.com\/wp-content\/uploads\/2026\/03\/DogsDeli_Ahoi_BabyVzzXY8UgrvpWO.jpg","width":1500,"height":1500},{"@type":"BreadcrumbList","@id":"https:\/\/dev.saywauwau.com\/produkt\/ahoi-baby\/#breadcrumb","itemListElement":[{"@type":"ListItem","position":1,"name":"Home","item":"https:\/\/dev.saywauwau.com\/"},{"@type":"ListItem","position":2,"name":"Shop","item":"https:\/\/dev.saywauwau.com\/shop\/"},{"@type":"ListItem","position":3,"name":"Ahoi Baby"}]},{"@type":"WebSite","@id":"https:\/\/dev.saywauwau.com\/#website","url":"https:\/\/dev.saywauwau.com\/","name":"say wau wau","description":"Hunde er vores helte og begejstrer os hver dag p\u00e5 ny! Derfor findes der ekstraordin\u00e6re produkter, der udm\u00e6rker sig ved kvalitet og b\u00e6redygtighed!","publisher":{"@id":"https:\/\/dev.saywauwau.com\/#organization"},"potentialAction":[{"@type":"SearchAction","target":{"@type":"EntryPoint","urlTemplate":"https:\/\/dev.saywauwau.com\/?s={search_term_string}"},"query-input":{"@type":"PropertyValueSpecification","valueRequired":true,"valueName":"search_term_string"}}],"inLanguage":"da-DK"},{"@type":"Organization","@id":"https:\/\/dev.saywauwau.com\/#organization","name":"say wau wau","url":"https:\/\/dev.saywauwau.com\/","logo":{"@type":"ImageObject","inLanguage":"da-DK","@id":"https:\/\/dev.saywauwau.com\/#\/schema\/logo\/image\/","url":"https:\/\/dev.saywauwau.com\/wp-content\/uploads\/2021\/05\/Logo_www.png","contentUrl":"https:\/\/dev.saywauwau.com\/wp-content\/uploads\/2021\/05\/Logo_www.png","width":370,"height":40,"caption":"say wau wau"},"image":{"@id":"https:\/\/dev.saywauwau.com\/#\/schema\/logo\/image\/"}}]}},"_links":{"self":[{"href":"https:\/\/dev.saywauwau.com\/da\/wp-json\/wp\/v2\/product\/247","targetHints":{"allow":["GET"]}}],"collection":[{"href":"https:\/\/dev.saywauwau.com\/da\/wp-json\/wp\/v2\/product"}],"about":[{"href":"https:\/\/dev.saywauwau.com\/da\/wp-json\/wp\/v2\/types\/product"}],"wp:featuredmedia":[{"embeddable":true,"href":"https:\/\/dev.saywauwau.com\/da\/wp-json\/wp\/v2\/media\/248"}],"wp:attachment":[{"href":"https:\/\/dev.saywauwau.com\/da\/wp-json\/wp\/v2\/media?parent=247"}],"wp:term":[{"taxonomy":"product_brand","embeddable":true,"href":"https:\/\/dev.saywauwau.com\/da\/wp-json\/wp\/v2\/product_brand?post=247"},{"taxonomy":"product_cat","embeddable":true,"href":"https:\/\/dev.saywauwau.com\/da\/wp-json\/wp\/v2\/product_cat?post=247"},{"taxonomy":"product_tag","embeddable":true,"href":"https:\/\/dev.saywauwau.com\/da\/wp-json\/wp\/v2\/product_tag?post=247"}],"curies":[{"name":"wp","href":"https:\/\/api.w.org\/{rel}","templated":true}]}}