{"id":249,"date":"2026-03-24T12:24:46","date_gmt":"2026-03-24T11:24:46","guid":{"rendered":"https:\/\/dev.saywauwau.com\/?post_type=product&#038;p=249"},"modified":"2026-03-24T12:24:46","modified_gmt":"2026-03-24T11:24:46","slug":"xl-ring","status":"publish","type":"product","link":"https:\/\/dev.saywauwau.com\/da\/produkt\/xl-ring\/","title":{"rendered":"XL Ring"},"content":{"rendered":"<p class=\"\"><strong>A natural rubber ring toy designed to hold up to the toughest tough chewers<\/strong><\/p>\n<ol data-rte-list=\"default\">\n<li>\n<p class=\"\">Our most durable size and rubber. For very large, extremely aggressive chewers &#8211; too large for most dogs<\/p>\n<\/li>\n<li>\n<p class=\"\">Perfect for an interactive game of fetch<\/p>\n<\/li>\n<li>\n<p class=\"\">A great chew toy option for tough and aggressive chewers<\/p>\n<\/li>\n<li>\n<p class=\"\">Guaranteed for Life. Take away after any damage and return for replacement. Please read Guarantee instructions.<\/p>\n<\/li>\n<li>\n<p class=\"\">Easy to clean: just use warm water to wipe Goughnuts Rings clean after a long day of playing<\/p>\n<\/li>\n<\/ol>","protected":false},"excerpt":{"rendered":"<p class=\"\"><strong>Extra Large Black &#8222;Buster&#8220; Heavy Duty<\/strong><\/p>\n<ol data-rte-list=\"default\">\n<li>\n<p class=\"\">Dimensions: 2.5 inch cross sec\/6.25 inch diameter<\/p>\n<\/li>\n<li>\n<p class=\"\">Even more durable. NO Visual Safety Indicator<\/p>\n<\/li>\n<li>\n<p class=\"\">Suitable for dogs 80-100lbs +<\/p>\n<\/li>\n<li>\n<p class=\"\">Durability Scale Score: 99<\/p>\n<\/li>\n<\/ol>","protected":false},"featured_media":250,"template":"","meta":[],"product_brand":[34],"product_cat":[35],"product_tag":[],"class_list":{"0":"post-249","1":"product","2":"type-product","3":"status-publish","4":"has-post-thumbnail","6":"product_brand-goughnuts","7":"product_cat-toys","9":"first","10":"instock","11":"shipping-taxable","12":"purchasable","13":"product-type-simple"},"yoast_head":"<!-- This site is optimized with the Yoast SEO plugin v27.5 - https:\/\/yoast.com\/product\/yoast-seo-wordpress\/ -->\n<title>XL Ring - say wau wau<\/title>\n<meta name=\"robots\" content=\"noindex, follow, max-snippet:-1, max-image-preview:large, max-video-preview:-1\" \/>\n<meta property=\"og:locale\" content=\"da_DK\" \/>\n<meta property=\"og:type\" content=\"article\" \/>\n<meta property=\"og:title\" content=\"XL Ring - say wau wau\" \/>\n<meta property=\"og:description\" content=\"Extra Large Black &quot;Buster&quot; Heavy Duty     Dimensions: 2.5 inch cross sec\/6.25 inch diameter    Even more durable. NO Visual Safety Indicator    Suitable for dogs 80-100lbs +    Durability Scale Score: 99\" \/>\n<meta property=\"og:url\" content=\"https:\/\/dev.saywauwau.com\/da\/vare\/xl-ring\/\" \/>\n<meta property=\"og:site_name\" content=\"say wau wau\" \/>\n<meta property=\"og:image\" content=\"https:\/\/dev.saywauwau.com\/wp-content\/uploads\/2026\/03\/Buster-Ring-2.webp\" \/>\n\t<meta property=\"og:image:width\" content=\"1500\" \/>\n\t<meta property=\"og:image:height\" content=\"1395\" \/>\n\t<meta property=\"og:image:type\" content=\"image\/webp\" \/>\n<meta name=\"twitter:card\" content=\"summary_large_image\" \/>\n<meta name=\"twitter:label1\" content=\"Estimeret l\u00e6setid\" \/>\n\t<meta name=\"twitter:data1\" content=\"1 minut\" \/>\n<script type=\"application\/ld+json\" class=\"yoast-schema-graph\">{\"@context\":\"https:\\\/\\\/schema.org\",\"@graph\":[{\"@type\":\"WebPage\",\"@id\":\"https:\\\/\\\/dev.saywauwau.com\\\/produkt\\\/xl-ring\\\/\",\"url\":\"https:\\\/\\\/dev.saywauwau.com\\\/produkt\\\/xl-ring\\\/\",\"name\":\"XL Ring - say wau wau\",\"isPartOf\":{\"@id\":\"https:\\\/\\\/dev.saywauwau.com\\\/#website\"},\"primaryImageOfPage\":{\"@id\":\"https:\\\/\\\/dev.saywauwau.com\\\/produkt\\\/xl-ring\\\/#primaryimage\"},\"image\":{\"@id\":\"https:\\\/\\\/dev.saywauwau.com\\\/produkt\\\/xl-ring\\\/#primaryimage\"},\"thumbnailUrl\":\"https:\\\/\\\/dev.saywauwau.com\\\/wp-content\\\/uploads\\\/2026\\\/03\\\/Buster-Ring-2.webp\",\"datePublished\":\"2026-03-24T11:24:46+00:00\",\"breadcrumb\":{\"@id\":\"https:\\\/\\\/dev.saywauwau.com\\\/produkt\\\/xl-ring\\\/#breadcrumb\"},\"inLanguage\":\"da-DK\",\"potentialAction\":[{\"@type\":\"ReadAction\",\"target\":[\"https:\\\/\\\/dev.saywauwau.com\\\/produkt\\\/xl-ring\\\/\"]}]},{\"@type\":\"ImageObject\",\"inLanguage\":\"da-DK\",\"@id\":\"https:\\\/\\\/dev.saywauwau.com\\\/produkt\\\/xl-ring\\\/#primaryimage\",\"url\":\"https:\\\/\\\/dev.saywauwau.com\\\/wp-content\\\/uploads\\\/2026\\\/03\\\/Buster-Ring-2.webp\",\"contentUrl\":\"https:\\\/\\\/dev.saywauwau.com\\\/wp-content\\\/uploads\\\/2026\\\/03\\\/Buster-Ring-2.webp\",\"width\":1500,\"height\":1395},{\"@type\":\"BreadcrumbList\",\"@id\":\"https:\\\/\\\/dev.saywauwau.com\\\/produkt\\\/xl-ring\\\/#breadcrumb\",\"itemListElement\":[{\"@type\":\"ListItem\",\"position\":1,\"name\":\"Home\",\"item\":\"https:\\\/\\\/dev.saywauwau.com\\\/\"},{\"@type\":\"ListItem\",\"position\":2,\"name\":\"Shop\",\"item\":\"https:\\\/\\\/dev.saywauwau.com\\\/shop\\\/\"},{\"@type\":\"ListItem\",\"position\":3,\"name\":\"XL Ring\"}]},{\"@type\":\"WebSite\",\"@id\":\"https:\\\/\\\/dev.saywauwau.com\\\/#website\",\"url\":\"https:\\\/\\\/dev.saywauwau.com\\\/\",\"name\":\"say wau wau\",\"description\":\"\u201eHunde sind unsere Helden\u201c &amp; begeistern uns jeden Tag aufs Neue! Deshalb gibts au\u00dfergew\u00f6hnliche Produkte, die mit Qualit\u00e4t &amp; Nachhaltigkeit gl\u00e4nzen!\",\"publisher\":{\"@id\":\"https:\\\/\\\/dev.saywauwau.com\\\/#organization\"},\"potentialAction\":[{\"@type\":\"SearchAction\",\"target\":{\"@type\":\"EntryPoint\",\"urlTemplate\":\"https:\\\/\\\/dev.saywauwau.com\\\/?s={search_term_string}\"},\"query-input\":{\"@type\":\"PropertyValueSpecification\",\"valueRequired\":true,\"valueName\":\"search_term_string\"}}],\"inLanguage\":\"da-DK\"},{\"@type\":\"Organization\",\"@id\":\"https:\\\/\\\/dev.saywauwau.com\\\/#organization\",\"name\":\"say wau wau\",\"url\":\"https:\\\/\\\/dev.saywauwau.com\\\/\",\"logo\":{\"@type\":\"ImageObject\",\"inLanguage\":\"da-DK\",\"@id\":\"https:\\\/\\\/dev.saywauwau.com\\\/#\\\/schema\\\/logo\\\/image\\\/\",\"url\":\"https:\\\/\\\/dev.saywauwau.com\\\/wp-content\\\/uploads\\\/2021\\\/05\\\/Logo_www.png\",\"contentUrl\":\"https:\\\/\\\/dev.saywauwau.com\\\/wp-content\\\/uploads\\\/2021\\\/05\\\/Logo_www.png\",\"width\":370,\"height\":40,\"caption\":\"say wau wau\"},\"image\":{\"@id\":\"https:\\\/\\\/dev.saywauwau.com\\\/#\\\/schema\\\/logo\\\/image\\\/\"}}]}<\/script>\n<!-- \/ Yoast SEO plugin. -->","yoast_head_json":{"title":"XL Ring - say wau wau","robots":{"index":"noindex","follow":"follow","max-snippet":"max-snippet:-1","max-image-preview":"max-image-preview:large","max-video-preview":"max-video-preview:-1"},"og_locale":"da_DK","og_type":"article","og_title":"XL Ring - say wau wau","og_description":"Extra Large Black \"Buster\" Heavy Duty     Dimensions: 2.5 inch cross sec\/6.25 inch diameter    Even more durable. NO Visual Safety Indicator    Suitable for dogs 80-100lbs +    Durability Scale Score: 99","og_url":"https:\/\/dev.saywauwau.com\/da\/vare\/xl-ring\/","og_site_name":"say wau wau","og_image":[{"width":1500,"height":1395,"url":"https:\/\/dev.saywauwau.com\/wp-content\/uploads\/2026\/03\/Buster-Ring-2.webp","type":"image\/webp"}],"twitter_card":"summary_large_image","twitter_misc":{"Estimeret l\u00e6setid":"1 minut"},"schema":{"@context":"https:\/\/schema.org","@graph":[{"@type":"WebPage","@id":"https:\/\/dev.saywauwau.com\/produkt\/xl-ring\/","url":"https:\/\/dev.saywauwau.com\/produkt\/xl-ring\/","name":"XL Ring - say wau wau","isPartOf":{"@id":"https:\/\/dev.saywauwau.com\/#website"},"primaryImageOfPage":{"@id":"https:\/\/dev.saywauwau.com\/produkt\/xl-ring\/#primaryimage"},"image":{"@id":"https:\/\/dev.saywauwau.com\/produkt\/xl-ring\/#primaryimage"},"thumbnailUrl":"https:\/\/dev.saywauwau.com\/wp-content\/uploads\/2026\/03\/Buster-Ring-2.webp","datePublished":"2026-03-24T11:24:46+00:00","breadcrumb":{"@id":"https:\/\/dev.saywauwau.com\/produkt\/xl-ring\/#breadcrumb"},"inLanguage":"da-DK","potentialAction":[{"@type":"ReadAction","target":["https:\/\/dev.saywauwau.com\/produkt\/xl-ring\/"]}]},{"@type":"ImageObject","inLanguage":"da-DK","@id":"https:\/\/dev.saywauwau.com\/produkt\/xl-ring\/#primaryimage","url":"https:\/\/dev.saywauwau.com\/wp-content\/uploads\/2026\/03\/Buster-Ring-2.webp","contentUrl":"https:\/\/dev.saywauwau.com\/wp-content\/uploads\/2026\/03\/Buster-Ring-2.webp","width":1500,"height":1395},{"@type":"BreadcrumbList","@id":"https:\/\/dev.saywauwau.com\/produkt\/xl-ring\/#breadcrumb","itemListElement":[{"@type":"ListItem","position":1,"name":"Home","item":"https:\/\/dev.saywauwau.com\/"},{"@type":"ListItem","position":2,"name":"Shop","item":"https:\/\/dev.saywauwau.com\/shop\/"},{"@type":"ListItem","position":3,"name":"XL Ring"}]},{"@type":"WebSite","@id":"https:\/\/dev.saywauwau.com\/#website","url":"https:\/\/dev.saywauwau.com\/","name":"say wau wau","description":"Hunde er vores helte og begejstrer os hver dag p\u00e5 ny! Derfor findes der ekstraordin\u00e6re produkter, der udm\u00e6rker sig ved kvalitet og b\u00e6redygtighed!","publisher":{"@id":"https:\/\/dev.saywauwau.com\/#organization"},"potentialAction":[{"@type":"SearchAction","target":{"@type":"EntryPoint","urlTemplate":"https:\/\/dev.saywauwau.com\/?s={search_term_string}"},"query-input":{"@type":"PropertyValueSpecification","valueRequired":true,"valueName":"search_term_string"}}],"inLanguage":"da-DK"},{"@type":"Organization","@id":"https:\/\/dev.saywauwau.com\/#organization","name":"say wau wau","url":"https:\/\/dev.saywauwau.com\/","logo":{"@type":"ImageObject","inLanguage":"da-DK","@id":"https:\/\/dev.saywauwau.com\/#\/schema\/logo\/image\/","url":"https:\/\/dev.saywauwau.com\/wp-content\/uploads\/2021\/05\/Logo_www.png","contentUrl":"https:\/\/dev.saywauwau.com\/wp-content\/uploads\/2021\/05\/Logo_www.png","width":370,"height":40,"caption":"say wau wau"},"image":{"@id":"https:\/\/dev.saywauwau.com\/#\/schema\/logo\/image\/"}}]}},"_links":{"self":[{"href":"https:\/\/dev.saywauwau.com\/da\/wp-json\/wp\/v2\/product\/249","targetHints":{"allow":["GET"]}}],"collection":[{"href":"https:\/\/dev.saywauwau.com\/da\/wp-json\/wp\/v2\/product"}],"about":[{"href":"https:\/\/dev.saywauwau.com\/da\/wp-json\/wp\/v2\/types\/product"}],"wp:featuredmedia":[{"embeddable":true,"href":"https:\/\/dev.saywauwau.com\/da\/wp-json\/wp\/v2\/media\/250"}],"wp:attachment":[{"href":"https:\/\/dev.saywauwau.com\/da\/wp-json\/wp\/v2\/media?parent=249"}],"wp:term":[{"taxonomy":"product_brand","embeddable":true,"href":"https:\/\/dev.saywauwau.com\/da\/wp-json\/wp\/v2\/product_brand?post=249"},{"taxonomy":"product_cat","embeddable":true,"href":"https:\/\/dev.saywauwau.com\/da\/wp-json\/wp\/v2\/product_cat?post=249"},{"taxonomy":"product_tag","embeddable":true,"href":"https:\/\/dev.saywauwau.com\/da\/wp-json\/wp\/v2\/product_tag?post=249"}],"curies":[{"name":"wp","href":"https:\/\/api.w.org\/{rel}","templated":true}]}}